{"id":16,"date":"2024-01-04T15:30:31","date_gmt":"2024-01-04T14:30:31","guid":{"rendered":"https:\/\/juanpeza.com\/?page_id=16"},"modified":"2024-12-05T11:10:43","modified_gmt":"2024-12-05T10:10:43","slug":"https-juanpeza-com-index-php-libros","status":"publish","type":"page","link":"https:\/\/juanpeza.com\/index.php\/https-juanpeza-com-index-php-libros\/","title":{"rendered":"Libros"},"content":{"rendered":"\n<div class=\"wp-block-uagb-advanced-heading uagb-block-7989336d\"><h2 class=\"uagb-heading-text\"><strong>Libros Transformadores: Estrategia y Sabidur\u00eda para Todas las Edades<\/strong><\/h2><p class=\"uagb-desc-text\">Descubre c\u00f3mo la estrategia milenaria y las f\u00e1bulas atemporales pueden enriquecer tu vida personal y profesional.<\/p><\/div>\n\n\n\n<div class=\"wp-block-uagb-container uagb-block-044e40ff alignfull uagb-is-root-container\"><div class=\"uagb-container-inner-blocks-wrap\">\n<div class=\"wp-block-uagb-container uagb-block-22abc428\">\n<iframe loading=\"lazy\" type=\"text\/html\" sandbox=\"allow-scripts allow-same-origin allow-popups\" width=\"336\" height=\"550\" frameborder=\"0\" allowfullscreen style=\"max-width:100%\" src=\"https:\/\/lire.amazon.fr\/kp\/card?asin=B0DNNTD8QZ&#038;preview=inline&#038;linkCode=kpe&#038;ref_=cm_sw_r_kb_dp_M3W86N76EPMPYC0PC7YJ&#038;tag=peza37902-21\" ><\/iframe>\n<\/div>\n\n\n\n<div class=\"wp-block-uagb-container uagb-block-ced02527\">\n<div class=\"wp-block-uagb-container uagb-block-c35dc23a\">\n<div class=\"wp-block-uagb-call-to-action uagb-block-ca2189a3 wp-block-button\"><div class=\"uagb-cta__wrap\"><h3 class=\"uagb-cta__title\"><strong>Matriz de Procesos Efectivos con Zonas Alineadas: Una herramienta para empresas que buscan claridad, eficiencia y sostenibilidad<\/strong>.<\/h3><p class=\"uagb-cta__desc\">La Matriz PEZA es la herramienta que necesitas para transformar tus procesos de manera sencilla y efectiva. Dise\u00f1ada para alinear equipos, optimizar recursos y reducir la huella de carbono, este libro te gu\u00eda paso a paso para implementar mejoras reales en tu organizaci\u00f3n. \u00a1Una lectura imprescindible para quienes buscan resultados!<\/p><\/div><div class=\"uagb-cta__buttons\"><a href=\"https:\/\/www.amazon.fr\/Matriz-Procesos-Efectivos-Zonas-Alineadas\/dp\/B0DNT68XH7\/ref=sr_1_2?__mk_fr_FR=\u00c5M\u00c5\u017d\u00d5\u00d1&amp;crid=10GK2CSOPVGTG&amp;dib=eyJ2IjoiMSJ9.2TDbZFLEMja4GA8s_aPCwjSnbTCh1lw2pxfnIkuutfkMUeHjn8kdXdJ5665Qs1usxle7daka7mnb6EiOoT2JoOpTaN-Jzqo2bskw0AjcDZHsvsdI0UTU8JLB5WvTtcRFpffMq94mrz8HFCDFO6D1I7l1Hvbf4_dRO75JsRa7qhf-Jx1XORWV0TqflxNG66smGShC3NMOOIatKcMqNW68fwPmiWALqtRZZv5Jspjnbbwb-6sqeLIki3ks5crJKbes16v3WDQq8uhDMwkAmHWERgfXVKz5orHVkBqMkXUYRik.9ENK_1M6Sy2jDQ7EhBntahsZ4vRhzFPXMFSreRqri3M&amp;dib_tag=se&amp;keywords=juan+peza&amp;qid=1733391471&amp;sprefix=juan+peza%2Caps%2C89&amp;sr=8-2\" class=\"uagb-cta__button-link-wrapper wp-block-button__link\" target=\"_self\" rel=\"noopener noreferrer nofollow\">Comprar<\/a><\/div><\/div>\n<\/div>\n<\/div>\n<\/div><\/div>\n\n\n\n<div class=\"wp-block-uagb-container uagb-block-090e7a38 alignfull uagb-is-root-container\"><div class=\"uagb-container-inner-blocks-wrap\">\n<div class=\"wp-block-uagb-container uagb-block-7843595b\">\n<iframe loading=\"lazy\" type=\"text\/html\" sandbox=\"allow-scripts allow-same-origin allow-popups\" width=\"336\" height=\"550\" frameborder=\"0\" allowfullscreen style=\"max-width:100%\" src=\"https:\/\/lire.amazon.fr\/kp\/card?asin=B0BNJJMZ1J&#038;preview=inline&#038;linkCode=kpe&#038;ref_=cm_sw_r_kb_dp_M3W86N76EPMPYC0PC7YJ&#038;tag=peza37902-21\" ><\/iframe>\n<\/div>\n\n\n\n<div class=\"wp-block-uagb-container uagb-block-420c4085\">\n<div class=\"wp-block-uagb-call-to-action uagb-block-7d9bda38 wp-block-button\"><div class=\"uagb-cta__wrap\"><h3 class=\"uagb-cta__title\"><strong>El Arte de la GUERRA de Sun TZU + Una PERSPECTIVA<\/strong><\/h3><p class=\"uagb-cta__desc\">El libro de estrategia m\u00e1s antiguo, ahora decodificado para facilitar su comprensi\u00f3n como un m\u00e9todo aplicable, en lugar de ser simplemente una colecci\u00f3n de frases inspiradoras desconectadas entre s\u00ed.<br>Contiene \u201cuna Perspectiva\u201d que es la reorganizaci\u00f3n del libro original y el Arte de la Guerra de Sun Tzu en su orden tradicional.<\/p><\/div><div class=\"uagb-cta__buttons\"><a href=\"https:\/\/www.amazon.com.mx\/dp\/B0BNJJMZ1J?ref_=cm_sw_r_cp_ud_dp_JVAD8NFFV86D5KSNY1XC\" class=\"uagb-cta__button-link-wrapper wp-block-button__link\" target=\"_blank\" rel=\"noopener noreferrer nofollow\">Comprar<\/a><\/div><\/div>\n<\/div>\n<\/div><\/div>\n\n\n\n<div class=\"wp-block-uagb-container uagb-block-b60f400a alignfull uagb-is-root-container\"><div class=\"uagb-container-inner-blocks-wrap\">\n<div class=\"wp-block-uagb-container uagb-block-0543b599\">\n<iframe loading=\"lazy\" type=\"text\/html\" sandbox=\"allow-scripts allow-same-origin allow-popups\" width=\"336\" height=\"550\" frameborder=\"0\" allowfullscreen style=\"max-width:100%\" src=\"https:\/\/lire.amazon.fr\/kp\/card?asin=B08YPB2R3P&#038;preview=inline&#038;linkCode=kpe&#038;ref_=cm_sw_r_kb_dp_65TRY6RQ8FKA0F6PA4EV&#038;tag=peza37902-21\" ><\/iframe>\n<\/div>\n\n\n\n<div class=\"wp-block-uagb-container uagb-block-e6a1b5d8\">\n<div class=\"wp-block-uagb-call-to-action uagb-block-290bf551 wp-block-button\"><div class=\"uagb-cta__wrap\"><h3 class=\"uagb-cta__title\"><strong>El Arte de la GUERRA, una PERSPECTIVA<\/strong><\/h3><p class=\"uagb-cta__desc\">Esta edici\u00f3n especial de&nbsp;<strong>&#8220;El arte de la guerra + Una perspectiva&#8221;<\/strong>&nbsp;conmemora el bicentenario de la muerte del emperador Napole\u00f3n Bonaparte, enriqueciendo la obra cl\u00e1sica con un fascinante contenido adicional. Adem\u00e1s de los principios estrat\u00e9gicos de Sun Tzu, este libro incluye una biograf\u00eda del emperador, un an\u00e1lisis detallado de la batalla de Austerlitz \u2014reconocida como una de las m\u00e1s brillantes de la historia\u2014, citas c\u00e9lebres de Napole\u00f3n y hermosas ilustraciones que realzan la experiencia de lectura.<\/p><\/div><div class=\"uagb-cta__buttons\"><a href=\"https:\/\/a.co\/d\/bm3WqFq\" class=\"uagb-cta__button-link-wrapper wp-block-button__link\" target=\"_blank\" rel=\"noopener noreferrer nofollow\">Comprar<\/a><\/div><\/div>\n<\/div>\n<\/div><\/div>\n\n\n\n<div class=\"wp-block-uagb-container uagb-block-7d537e85 alignfull uagb-is-root-container\"><div class=\"uagb-container-inner-blocks-wrap\">\n<div class=\"wp-block-uagb-container uagb-block-3cb9c0a7\">\n<iframe loading=\"lazy\" type=\"text\/html\" sandbox=\"allow-scripts allow-same-origin allow-popups\" width=\"336\" height=\"550\" frameborder=\"0\" allowfullscreen style=\"max-width:100%\" src=\"https:\/\/lire.amazon.fr\/kp\/card?asin=B0C7MLNNVB&#038;preview=inline&#038;linkCode=kpe&#038;ref_=cm_sw_r_kb_dp_R660MBV2VPFZYZA6N4CH&#038;tag=peza37902-21\" ><\/iframe>\n<\/div>\n\n\n\n<div class=\"wp-block-uagb-container uagb-block-c2623668\">\n<div class=\"wp-block-uagb-call-to-action uagb-block-f84a9653 wp-block-button\"><div class=\"uagb-cta__wrap\"><h3 class=\"uagb-cta__title\"><strong>50 F\u00e1bulas de Esopo con Ense\u00f1anzas para Padres e Hijos (blanco y negro)<\/strong><\/h3><p class=\"uagb-cta__desc\">Sum\u00e9rgete en el fascinante mundo de las f\u00e1bulas de Esopo y disfruta de valiosas lecciones de vida junto a tus hijos. Este libro \u00fanico en su g\u00e9nero combina autoayuda y liderazgo empresarial con el encanto de las f\u00e1bulas cl\u00e1sicas, creando una experiencia de lectura inolvidable para toda la familia.<\/p><\/div><div class=\"uagb-cta__buttons\"><a href=\"https:\/\/a.co\/d\/6YKGFOx\" class=\"uagb-cta__button-link-wrapper wp-block-button__link\" target=\"_blank\" rel=\"noopener noreferrer nofollow\">Comprar<\/a><\/div><\/div>\n<\/div>\n<\/div><\/div>\n\n\n\n<div class=\"wp-block-uagb-container uagb-block-cdb114f4 alignfull uagb-is-root-container\"><div class=\"uagb-container-inner-blocks-wrap\">\n<div class=\"wp-block-uagb-container uagb-block-59dfa58a\">\n<div class=\"wp-block-uagb-container uagb-block-8e651835\">\n<iframe loading=\"lazy\" type=\"text\/html\" sandbox=\"allow-scripts allow-same-origin allow-popups\" width=\"336\" height=\"550\" frameborder=\"0\" allowfullscreen style=\"max-width:100%\" src=\"https:\/\/lire.amazon.fr\/kp\/card?asin=B0C7MM6429&#038;preview=inline&#038;linkCode=kpe&#038;ref_=cm_sw_r_kb_dp_NK6P39Z5S2WYFZZSD63X&#038;tag=peza37902-21\" ><\/iframe>\n<\/div>\n<\/div>\n\n\n\n<div class=\"wp-block-uagb-container uagb-block-51b07e7c\">\n<div class=\"wp-block-uagb-call-to-action uagb-block-a490e4ac wp-block-button\"><div class=\"uagb-cta__wrap\"><h3 class=\"uagb-cta__title\"><strong>50 F\u00e1bulas de Esopo con Ense\u00f1anzas para Padres e Hijos<\/strong><\/h3><p class=\"uagb-cta__desc\">Sum\u00e9rgete en el fascinante mundo de las f\u00e1bulas de Esopo y disfruta de valiosas lecciones de vida junto a tus hijos. Este libro \u00fanico en su g\u00e9nero combina autoayuda y liderazgo empresarial con el encanto de las f\u00e1bulas cl\u00e1sicas, creando una experiencia de lectura inolvidable para toda la familia.<\/p><\/div><div class=\"uagb-cta__buttons\"><a href=\"https:\/\/a.co\/d\/7MZjB1R\" class=\"uagb-cta__button-link-wrapper wp-block-button__link\" target=\"_blank\" rel=\"noopener noreferrer nofollow\">Comprar<\/a><\/div><\/div>\n<\/div>\n<\/div><\/div>\n","protected":false},"excerpt":{"rendered":"<p>Libros Transformadores: Estrategia y Sabidur\u00eda para Todas las Edades Descubre c\u00f3mo la estrategia milenaria y las f\u00e1bulas atemporales pueden enriquecer tu vida personal y profesional.<\/p>\n","protected":false},"author":1,"featured_media":0,"parent":0,"menu_order":0,"comment_status":"closed","ping_status":"closed","template":"","meta":{"_uag_custom_page_level_css":"","_kad_post_transparent":"","_kad_post_title":"hide","_kad_post_layout":"","_kad_post_sidebar_id":"","_kad_post_content_style":"unboxed","_kad_post_vertical_padding":"hide","_kad_post_feature":"","_kad_post_feature_position":"","_kad_post_header":false,"_kad_post_footer":false,"_kad_post_classname":"","footnotes":""},"class_list":["post-16","page","type-page","status-publish","hentry"],"uagb_featured_image_src":{"full":false,"thumbnail":false,"medium":false,"medium_large":false,"large":false,"1536x1536":false,"2048x2048":false},"uagb_author_info":{"display_name":"Juan Peza","author_link":"https:\/\/juanpeza.com\/author\/juanpeza-com\/"},"uagb_comment_info":0,"uagb_excerpt":"Libros Transformadores: Estrategia y Sabidur\u00eda para Todas las Edades Descubre c\u00f3mo la estrategia milenaria y las f\u00e1bulas atemporales pueden enriquecer tu vida personal y profesional.","_links":{"self":[{"href":"https:\/\/juanpeza.com\/index.php\/wp-json\/wp\/v2\/pages\/16","targetHints":{"allow":["GET"]}}],"collection":[{"href":"https:\/\/juanpeza.com\/index.php\/wp-json\/wp\/v2\/pages"}],"about":[{"href":"https:\/\/juanpeza.com\/index.php\/wp-json\/wp\/v2\/types\/page"}],"author":[{"embeddable":true,"href":"https:\/\/juanpeza.com\/index.php\/wp-json\/wp\/v2\/users\/1"}],"replies":[{"embeddable":true,"href":"https:\/\/juanpeza.com\/index.php\/wp-json\/wp\/v2\/comments?post=16"}],"version-history":[{"count":18,"href":"https:\/\/juanpeza.com\/index.php\/wp-json\/wp\/v2\/pages\/16\/revisions"}],"predecessor-version":[{"id":340,"href":"https:\/\/juanpeza.com\/index.php\/wp-json\/wp\/v2\/pages\/16\/revisions\/340"}],"wp:attachment":[{"href":"https:\/\/juanpeza.com\/index.php\/wp-json\/wp\/v2\/media?parent=16"}],"curies":[{"name":"wp","href":"https:\/\/api.w.org\/{rel}","templated":true}]}}