{"id":18,"date":"2024-01-04T15:31:13","date_gmt":"2024-01-04T14:31:13","guid":{"rendered":"https:\/\/juanpeza.com\/?page_id=18"},"modified":"2024-05-26T11:16:06","modified_gmt":"2024-05-26T09:16:06","slug":"https-juanpeza-com-index-php-videos","status":"publish","type":"page","link":"https:\/\/juanpeza.com\/index.php\/https-juanpeza-com-index-php-videos\/","title":{"rendered":"Videos"},"content":{"rendered":"\n<div class=\"wp-block-uagb-advanced-heading uagb-block-19e7d73a\"><h1 class=\"uagb-heading-text\">Historia, Estrategia y Sabidur\u00eda<\/h1><p class=\"uagb-desc-text\">Explora una amplia selecci\u00f3n de contenidos que inspiran y educan, desde episodios hist\u00f3ricos hasta t\u00e1cticas de liderazgo.<\/p><\/div>\n\n\n\n<div class=\"wp-block-uagb-container uagb-block-108ce353 alignfull uagb-is-root-container\"><div class=\"uagb-container-inner-blocks-wrap\">\n<div class=\"wp-block-uagb-container uagb-block-d3b04bfa\">\n<figure class=\"wp-block-embed is-type-video is-provider-youtube wp-block-embed-youtube wp-embed-aspect-16-9 wp-has-aspect-ratio\"><div class=\"wp-block-embed__wrapper\">\n<iframe loading=\"lazy\" title=\"Descodificando el Arte de la Guerra de Sun Tzu\" width=\"720\" height=\"405\" src=\"https:\/\/www.youtube.com\/embed\/videoseries?list=PLnb3LoKbysoqwctHsFmEnNrLSB56mmiJl\" frameborder=\"0\" allow=\"accelerometer; autoplay; clipboard-write; encrypted-media; gyroscope; picture-in-picture; web-share\" referrerpolicy=\"strict-origin-when-cross-origin\" allowfullscreen><\/iframe>\n<\/div><\/figure>\n<\/div>\n\n\n\n<div class=\"wp-block-uagb-container uagb-block-646f1423\">\n<div class=\"wp-block-uagb-info-box uagb-block-265c198e uagb-infobox__content-wrap  uagb-infobox-icon-above-title uagb-infobox-image-valign-top\"><div class=\"uagb-ifb-content\"><div class=\"uagb-ifb-icon-wrap\"><svg xmlns=\"https:\/\/www.w3.org\/2000\/svg\" viewBox=\"0 0 512 512\"><path d=\"M0 256C0 114.6 114.6 0 256 0C397.4 0 512 114.6 512 256C512 397.4 397.4 512 256 512C114.6 512 0 397.4 0 256zM371.8 211.8C382.7 200.9 382.7 183.1 371.8 172.2C360.9 161.3 343.1 161.3 332.2 172.2L224 280.4L179.8 236.2C168.9 225.3 151.1 225.3 140.2 236.2C129.3 247.1 129.3 264.9 140.2 275.8L204.2 339.8C215.1 350.7 232.9 350.7 243.8 339.8L371.8 211.8z\"><\/path><\/svg><\/div><div class=\"uagb-ifb-title-wrap\"><h3 class=\"uagb-ifb-title\">Descodificando El Arte de la Guerra de Sun Tzu &#8211; Aprende como aplicarlo a tu vida.<\/h3><\/div><p class=\"uagb-ifb-desc\">Bienvenidos a &#8220;Descodificando el Arte de la Guerra de Sun Tzu&#8221;, un espacio dedicado a desentra\u00f1ar los secretos de este milenario texto y mostrar c\u00f3mo puedes aplicarlo en tu vida diaria. Nuestro objetivo es hacer que los conceptos y estrategias de Sun Tzu sean accesibles y \u00fatiles para todos. A trav\u00e9s de explicaciones detalladas y ejemplos pr\u00e1cticos, te guiaremos para que puedas entender y aprovechar la sabidur\u00eda de &#8220;El Arte de la Guerra&#8221; en tus decisiones personales y profesionales. \u00a1Acomp\u00e1\u00f1anos en esta fascinante aventura y transforma tu manera de enfrentar los desaf\u00edos!<\/p><\/div><\/div>\n<\/div>\n<\/div><\/div>\n\n\n\n<div class=\"wp-block-uagb-container uagb-block-cbb3f09d alignfull uagb-is-root-container\"><div class=\"uagb-container-inner-blocks-wrap\">\n<div class=\"wp-block-uagb-container uagb-block-93dd8923\">\n<figure class=\"wp-block-embed is-type-video is-provider-youtube wp-block-embed-youtube wp-embed-aspect-16-9 wp-has-aspect-ratio\"><div class=\"wp-block-embed__wrapper\">\n<iframe loading=\"lazy\" title=\"Audio Libro &quot;El arte de la guerra de Sun Tzu&quot;\" width=\"720\" height=\"405\" src=\"https:\/\/www.youtube.com\/embed\/videoseries?list=PLnb3LoKbysoqv1z9HNCiiBHbDBLTlQ0RI\" frameborder=\"0\" allow=\"accelerometer; autoplay; clipboard-write; encrypted-media; gyroscope; picture-in-picture; web-share\" referrerpolicy=\"strict-origin-when-cross-origin\" allowfullscreen><\/iframe>\n<\/div><\/figure>\n<\/div>\n\n\n\n<div class=\"wp-block-uagb-container uagb-block-4047097f\">\n<div class=\"wp-block-uagb-info-box uagb-block-7240e58a uagb-infobox__content-wrap  uagb-infobox-icon-above-title uagb-infobox-image-valign-top\"><div class=\"uagb-ifb-content\"><div class=\"uagb-ifb-icon-wrap\"><svg xmlns=\"https:\/\/www.w3.org\/2000\/svg\" viewBox=\"0 0 512 512\"><path d=\"M0 256C0 114.6 114.6 0 256 0C397.4 0 512 114.6 512 256C512 397.4 397.4 512 256 512C114.6 512 0 397.4 0 256zM371.8 211.8C382.7 200.9 382.7 183.1 371.8 172.2C360.9 161.3 343.1 161.3 332.2 172.2L224 280.4L179.8 236.2C168.9 225.3 151.1 225.3 140.2 236.2C129.3 247.1 129.3 264.9 140.2 275.8L204.2 339.8C215.1 350.7 232.9 350.7 243.8 339.8L371.8 211.8z\"><\/path><\/svg><\/div><div class=\"uagb-ifb-title-wrap\"><h3 class=\"uagb-ifb-title\">El Arte de la Guerra de Sun Tzu &#8211; Serie de Audiolibro por Cap\u00edtulos<\/h3><\/div><p class=\"uagb-ifb-desc\">Explora cap\u00edtulo a cap\u00edtulo el legendario &#8216;El Arte de la Guerra&#8217; de Sun Tzu. Cada video te gu\u00eda a trav\u00e9s de las estrategias y lecciones de liderazgo del texto, aplicables en los negocios y la vida personal. Suscr\u00edbete y acomp\u00e1\u00f1anos en este viaje de sabidur\u00eda.<\/p><\/div><\/div>\n<\/div>\n<\/div><\/div>\n\n\n\n<div class=\"wp-block-uagb-container uagb-block-a991075a alignfull uagb-is-root-container\"><div class=\"uagb-container-inner-blocks-wrap\">\n<div class=\"wp-block-uagb-container uagb-block-cddb492a\">\n<figure class=\"wp-block-embed is-type-video is-provider-youtube wp-block-embed-youtube wp-embed-aspect-16-9 wp-has-aspect-ratio\"><div class=\"wp-block-embed__wrapper\">\n<iframe loading=\"lazy\" title=\"Biografias\" width=\"720\" height=\"405\" src=\"https:\/\/www.youtube.com\/embed\/videoseries?list=PLnb3LoKbysopxlyhuajS1vo38LJGZ1SDe\" frameborder=\"0\" allow=\"accelerometer; autoplay; clipboard-write; encrypted-media; gyroscope; picture-in-picture; web-share\" referrerpolicy=\"strict-origin-when-cross-origin\" allowfullscreen><\/iframe>\n<\/div><\/figure>\n<\/div>\n\n\n\n<div class=\"wp-block-uagb-container uagb-block-441514e3\">\n<div class=\"wp-block-uagb-info-box uagb-block-0c4353b5 uagb-infobox__content-wrap  uagb-infobox-icon-above-title uagb-infobox-image-valign-top\"><div class=\"uagb-ifb-content\"><div class=\"uagb-ifb-icon-wrap\"><svg xmlns=\"https:\/\/www.w3.org\/2000\/svg\" viewBox=\"0 0 512 512\"><path d=\"M0 256C0 114.6 114.6 0 256 0C397.4 0 512 114.6 512 256C512 397.4 397.4 512 256 512C114.6 512 0 397.4 0 256zM371.8 211.8C382.7 200.9 382.7 183.1 371.8 172.2C360.9 161.3 343.1 161.3 332.2 172.2L224 280.4L179.8 236.2C168.9 225.3 151.1 225.3 140.2 236.2C129.3 247.1 129.3 264.9 140.2 275.8L204.2 339.8C215.1 350.7 232.9 350.7 243.8 339.8L371.8 211.8z\"><\/path><\/svg><\/div><div class=\"uagb-ifb-title-wrap\"><h3 class=\"uagb-ifb-title\">Biograf\u00edas en un Minuto: Lecciones de Vidas Extraordinarias<\/h3><\/div><p class=\"uagb-ifb-desc\">Descubre en solo un minuto qui\u00e9nes fueron personajes hist\u00f3ricos y famosos, sus frases m\u00e1s emblem\u00e1ticas y las lecciones vitales que nos dejaron. Una serie r\u00e1pida y enriquecedora para aprender de las grandes figuras de la historia.<\/p><\/div><\/div>\n<\/div>\n<\/div><\/div>\n\n\n\n<div class=\"wp-block-uagb-container uagb-block-7b537287 alignfull uagb-is-root-container\"><div class=\"uagb-container-inner-blocks-wrap\">\n<div class=\"wp-block-uagb-container uagb-block-b7718215\">\n<figure class=\"wp-block-embed is-type-video is-provider-youtube wp-block-embed-youtube wp-embed-aspect-16-9 wp-has-aspect-ratio\"><div class=\"wp-block-embed__wrapper\">\n<iframe loading=\"lazy\" title=\"Principales batallas de Napole\u00f3n Bonaparte\" width=\"720\" height=\"405\" src=\"https:\/\/www.youtube.com\/embed\/videoseries?list=PLnb3LoKbysoqsFxlPQvksuENi-PTnjx6t\" frameborder=\"0\" allow=\"accelerometer; autoplay; clipboard-write; encrypted-media; gyroscope; picture-in-picture; web-share\" referrerpolicy=\"strict-origin-when-cross-origin\" allowfullscreen><\/iframe>\n<\/div><\/figure>\n<\/div>\n\n\n\n<div class=\"wp-block-uagb-container uagb-block-f910e2a5\">\n<div class=\"wp-block-uagb-info-box uagb-block-81bda09a uagb-infobox__content-wrap  uagb-infobox-icon-above-title uagb-infobox-image-valign-top\"><div class=\"uagb-ifb-content\"><div class=\"uagb-ifb-icon-wrap\"><svg xmlns=\"https:\/\/www.w3.org\/2000\/svg\" viewBox=\"0 0 512 512\"><path d=\"M0 256C0 114.6 114.6 0 256 0C397.4 0 512 114.6 512 256C512 397.4 397.4 512 256 512C114.6 512 0 397.4 0 256zM371.8 211.8C382.7 200.9 382.7 183.1 371.8 172.2C360.9 161.3 343.1 161.3 332.2 172.2L224 280.4L179.8 236.2C168.9 225.3 151.1 225.3 140.2 236.2C129.3 247.1 129.3 264.9 140.2 275.8L204.2 339.8C215.1 350.7 232.9 350.7 243.8 339.8L371.8 211.8z\"><\/path><\/svg><\/div><div class=\"uagb-ifb-title-wrap\"><h3 class=\"uagb-ifb-title\">Napole\u00f3n Relata: Mis Batallas, Mi Historia<\/h3><\/div><p class=\"uagb-ifb-desc\">Sum\u00e9rgete en la historia a trav\u00e9s de los ojos de Napole\u00f3n Bonaparte. Esta serie \u00fanica presenta las batallas m\u00e1s importantes de su carrera contadas en primera persona, brindando una visi\u00f3n \u00edntima de su genio t\u00e1ctico y su impacto en la historia.<\/p><\/div><\/div>\n<\/div>\n<\/div><\/div>\n\n\n\n<div class=\"wp-block-uagb-container uagb-block-0a3fffcd alignfull uagb-is-root-container\"><div class=\"uagb-container-inner-blocks-wrap\">\n<div class=\"wp-block-uagb-container uagb-block-88bc2daf\">\n<figure class=\"wp-block-embed is-type-video is-provider-youtube wp-block-embed-youtube wp-embed-aspect-16-9 wp-has-aspect-ratio\"><div class=\"wp-block-embed__wrapper\">\n<iframe loading=\"lazy\" title=\"Ser mejor\" width=\"720\" height=\"405\" src=\"https:\/\/www.youtube.com\/embed\/videoseries?list=PLnb3LoKbysorxjOdT3wUjTZSzni40lvg2\" frameborder=\"0\" allow=\"accelerometer; autoplay; clipboard-write; encrypted-media; gyroscope; picture-in-picture; web-share\" referrerpolicy=\"strict-origin-when-cross-origin\" allowfullscreen><\/iframe>\n<\/div><\/figure>\n<\/div>\n\n\n\n<div class=\"wp-block-uagb-container uagb-block-f2f385ad\">\n<div class=\"wp-block-uagb-info-box uagb-block-0bdeb2dd uagb-infobox__content-wrap  uagb-infobox-icon-above-title uagb-infobox-image-valign-top\"><div class=\"uagb-ifb-content\"><div class=\"uagb-ifb-icon-wrap\"><svg xmlns=\"https:\/\/www.w3.org\/2000\/svg\" viewBox=\"0 0 512 512\"><path d=\"M0 256C0 114.6 114.6 0 256 0C397.4 0 512 114.6 512 256C512 397.4 397.4 512 256 512C114.6 512 0 397.4 0 256zM371.8 211.8C382.7 200.9 382.7 183.1 371.8 172.2C360.9 161.3 343.1 161.3 332.2 172.2L224 280.4L179.8 236.2C168.9 225.3 151.1 225.3 140.2 236.2C129.3 247.1 129.3 264.9 140.2 275.8L204.2 339.8C215.1 350.7 232.9 350.7 243.8 339.8L371.8 211.8z\"><\/path><\/svg><\/div><div class=\"uagb-ifb-title-wrap\"><h3 class=\"uagb-ifb-title\">Ser Mejor: Claves para el Desarrollo Personal y Profesional<\/h3><\/div><p class=\"uagb-ifb-desc\">Descubre estrategias y consejos para mejorar en todos los aspectos de tu vida con nuestra serie &#8216;Ser Mejor&#8217;. Estos videos te ofrecen herramientas pr\u00e1cticas y reflexiones profundas para el crecimiento personal y profesional, gui\u00e1ndote hacia tu mejor versi\u00f3n.<\/p><\/div><\/div>\n<\/div>\n<\/div><\/div>\n\n\n\n<div class=\"wp-block-uagb-container uagb-block-bc7dcbcb alignfull uagb-is-root-container\"><div class=\"uagb-container-inner-blocks-wrap\">\n<div class=\"wp-block-uagb-container uagb-block-cae226cc\">\n<figure class=\"wp-block-embed is-type-video is-provider-youtube wp-block-embed-youtube wp-embed-aspect-16-9 wp-has-aspect-ratio\"><div class=\"wp-block-embed__wrapper\">\n<iframe loading=\"lazy\" title=\"Historia\" width=\"720\" height=\"405\" src=\"https:\/\/www.youtube.com\/embed\/videoseries?list=PLnb3LoKbysopYGQRWbBLzqhZ2Rw5JrkyV\" frameborder=\"0\" allow=\"accelerometer; autoplay; clipboard-write; encrypted-media; gyroscope; picture-in-picture; web-share\" referrerpolicy=\"strict-origin-when-cross-origin\" allowfullscreen><\/iframe>\n<\/div><\/figure>\n<\/div>\n\n\n\n<div class=\"wp-block-uagb-container uagb-block-44aa0729\">\n<div class=\"wp-block-uagb-info-box uagb-block-ffc14e55 uagb-infobox__content-wrap  uagb-infobox-icon-above-title uagb-infobox-image-valign-top\"><div class=\"uagb-ifb-content\"><div class=\"uagb-ifb-icon-wrap\"><svg xmlns=\"https:\/\/www.w3.org\/2000\/svg\" viewBox=\"0 0 512 512\"><path d=\"M0 256C0 114.6 114.6 0 256 0C397.4 0 512 114.6 512 256C512 397.4 397.4 512 256 512C114.6 512 0 397.4 0 256zM371.8 211.8C382.7 200.9 382.7 183.1 371.8 172.2C360.9 161.3 343.1 161.3 332.2 172.2L224 280.4L179.8 236.2C168.9 225.3 151.1 225.3 140.2 236.2C129.3 247.1 129.3 264.9 140.2 275.8L204.2 339.8C215.1 350.7 232.9 350.7 243.8 339.8L371.8 211.8z\"><\/path><\/svg><\/div><div class=\"uagb-ifb-title-wrap\"><h3 class=\"uagb-ifb-title\">Viaje a Trav\u00e9s del Tiempo: Explorando Momentos Hist\u00f3ricos<\/h3><\/div><p class=\"uagb-ifb-desc\">\u00danete a nosotros en un fascinante viaje a trav\u00e9s de la historia. Esta playlist te lleva a descubrir eventos, personajes y culturas que han moldeado nuestro mundo. Cada video es una ventana al pasado, lleno de ense\u00f1anzas y perspectivas \u00fanicas.<\/p><\/div><\/div>\n<\/div>\n<\/div><\/div>\n","protected":false},"excerpt":{"rendered":"<p>Historia, Estrategia y Sabidur\u00eda Explora una amplia selecci\u00f3n de contenidos que inspiran y educan, desde episodios hist\u00f3ricos hasta t\u00e1cticas de liderazgo.<\/p>\n","protected":false},"author":1,"featured_media":0,"parent":0,"menu_order":0,"comment_status":"closed","ping_status":"closed","template":"","meta":{"_uag_custom_page_level_css":"","_kad_post_transparent":"","_kad_post_title":"hide","_kad_post_layout":"","_kad_post_sidebar_id":"","_kad_post_content_style":"unboxed","_kad_post_vertical_padding":"hide","_kad_post_feature":"","_kad_post_feature_position":"","_kad_post_header":false,"_kad_post_footer":false,"_kad_post_classname":"","footnotes":""},"class_list":["post-18","page","type-page","status-publish","hentry"],"uagb_featured_image_src":{"full":false,"thumbnail":false,"medium":false,"medium_large":false,"large":false,"1536x1536":false,"2048x2048":false},"uagb_author_info":{"display_name":"Juan Peza","author_link":"https:\/\/juanpeza.com\/author\/juanpeza-com\/"},"uagb_comment_info":0,"uagb_excerpt":"Historia, Estrategia y Sabidur\u00eda Explora una amplia selecci\u00f3n de contenidos que inspiran y educan, desde episodios hist\u00f3ricos hasta t\u00e1cticas de liderazgo.","_links":{"self":[{"href":"https:\/\/juanpeza.com\/index.php\/wp-json\/wp\/v2\/pages\/18","targetHints":{"allow":["GET"]}}],"collection":[{"href":"https:\/\/juanpeza.com\/index.php\/wp-json\/wp\/v2\/pages"}],"about":[{"href":"https:\/\/juanpeza.com\/index.php\/wp-json\/wp\/v2\/types\/page"}],"author":[{"embeddable":true,"href":"https:\/\/juanpeza.com\/index.php\/wp-json\/wp\/v2\/users\/1"}],"replies":[{"embeddable":true,"href":"https:\/\/juanpeza.com\/index.php\/wp-json\/wp\/v2\/comments?post=18"}],"version-history":[{"count":8,"href":"https:\/\/juanpeza.com\/index.php\/wp-json\/wp\/v2\/pages\/18\/revisions"}],"predecessor-version":[{"id":261,"href":"https:\/\/juanpeza.com\/index.php\/wp-json\/wp\/v2\/pages\/18\/revisions\/261"}],"wp:attachment":[{"href":"https:\/\/juanpeza.com\/index.php\/wp-json\/wp\/v2\/media?parent=18"}],"curies":[{"name":"wp","href":"https:\/\/api.w.org\/{rel}","templated":true}]}}